{"id":3241,"date":"2024-10-08T01:11:44","date_gmt":"2024-10-07T23:11:44","guid":{"rendered":"https:\/\/www.0971pubblicita.it\/shop\/?post_type=product&#038;p=3241"},"modified":"2025-09-01T19:21:24","modified_gmt":"2025-09-01T17:21:24","slug":"bicchieri-di-carta-personalizzati","status":"publish","type":"product","link":"https:\/\/www.0971pubblicita.it\/shop\/prodotto\/bicchieri-di-carta-personalizzati\/","title":{"rendered":"Bicchieri di carta | Personalizzati"},"content":{"rendered":"\t\t<div data-elementor-type=\"wp-post\" data-elementor-id=\"3241\" class=\"elementor elementor-3241\">\n\t\t\t\t<div class=\"elementor-element elementor-element-0bdb99c e-flex e-con-boxed e-con e-parent\" data-id=\"0bdb99c\" data-element_type=\"container\" data-e-type=\"container\">\n\t\t\t\t\t<div class=\"e-con-inner\">\n\t\t\t\t<div class=\"elementor-element elementor-element-2266cd0 elementor-widget elementor-widget-etheme_animated_headline\" data-id=\"2266cd0\" data-element_type=\"widget\" data-e-type=\"widget\" data-settings=\"{&quot;shape&quot;:&quot;underline&quot;,&quot;text_style&quot;:&quot;highlight&quot;,&quot;loop&quot;:&quot;yes&quot;,&quot;duration&quot;:{&quot;unit&quot;:&quot;px&quot;,&quot;size&quot;:&quot;&quot;,&quot;sizes&quot;:[]}}\" data-widget_type=\"etheme_animated_headline.default\">\n\t\t\t\t<div class=\"elementor-widget-container\">\n\t\t\t\t\t        \n        <div class=\"etheme-headline-wrapper\">\n            <h2 class=\"etheme-headline\" data-style=\"highlight\">\n\t\t                                <span class=\"etheme-headline-text-before\">\n\t                        Scarica il                         <\/span>\n                                    <span class=\"etheme-headline-text-wrapper\">\n                \n\t\t        Template<svg xmlns=\"http:\/\/www.w3.org\/2000\/svg\" viewBox=\"0 0 500 150\" preserveAspectRatio=\"none\"><path d=\"M5.5 125.883C149.207 118.384 329.838 103.383 495.5 125.883\"><\/path><\/svg>                \n                <\/span>\n                                    <span class=\"etheme-headline-text-after\">\n                        dei tuoi bicchieri personalizzati                    <\/span>\n                            <\/h2>\n        <\/div>\n        \n\t\t\t\t\t\t<\/div>\n\t\t\t\t<\/div>\n\t\t\t\t\t<\/div>\n\t\t\t\t<\/div>\n\t\t<div class=\"elementor-element elementor-element-6c49c97 e-flex e-con-boxed e-con e-parent\" data-id=\"6c49c97\" data-element_type=\"container\" data-e-type=\"container\">\n\t\t\t\t\t<div class=\"e-con-inner\">\n\t\t<div class=\"elementor-element elementor-element-5e95d90 e-con-full e-flex e-con e-child\" data-id=\"5e95d90\" data-element_type=\"container\" data-e-type=\"container\">\n\t\t\t\t<div class=\"elementor-element elementor-element-117162c elementor-widget elementor-widget-image\" data-id=\"117162c\" data-element_type=\"widget\" data-e-type=\"widget\" data-widget_type=\"image.default\">\n\t\t\t\t<div class=\"elementor-widget-container\">\n\t\t\t\t\t\t\t\t\t\t\t\t\t\t\t\t<a href=\"https:\/\/www.0971pubblicita.it\/shop\/wp-content\/uploads\/2024\/10\/PapCup-SW04-100ml-Template.pdf\">\n\t\t\t\t\t\t\t<img loading=\"lazy\" loading=\"lazy\" decoding=\"async\" width=\"800\" height=\"800\" src=\"https:\/\/www.0971pubblicita.it\/shop\/wp-content\/uploads\/2024\/10\/bicchieri-di-carta-a-parete-singola-e-doppia-personalizzati-1.webp\" class=\"attachment-large size-large wp-image-3291\" alt=\"bicchieri di carta a parete singola e doppia personalizzati\" srcset=\"https:\/\/www.0971pubblicita.it\/shop\/wp-content\/uploads\/2024\/10\/bicchieri-di-carta-a-parete-singola-e-doppia-personalizzati-1.webp 800w, https:\/\/www.0971pubblicita.it\/shop\/wp-content\/uploads\/2024\/10\/bicchieri-di-carta-a-parete-singola-e-doppia-personalizzati-1-300x300.webp 300w, https:\/\/www.0971pubblicita.it\/shop\/wp-content\/uploads\/2024\/10\/bicchieri-di-carta-a-parete-singola-e-doppia-personalizzati-1-150x150.webp 150w, https:\/\/www.0971pubblicita.it\/shop\/wp-content\/uploads\/2024\/10\/bicchieri-di-carta-a-parete-singola-e-doppia-personalizzati-1-768x768.webp 768w, https:\/\/www.0971pubblicita.it\/shop\/wp-content\/uploads\/2024\/10\/bicchieri-di-carta-a-parete-singola-e-doppia-personalizzati-1-600x600.webp 600w, https:\/\/www.0971pubblicita.it\/shop\/wp-content\/uploads\/2024\/10\/bicchieri-di-carta-a-parete-singola-e-doppia-personalizzati-1-100x100.webp 100w, https:\/\/www.0971pubblicita.it\/shop\/wp-content\/uploads\/2024\/10\/bicchieri-di-carta-a-parete-singola-e-doppia-personalizzati-1-1x1.webp 1w, https:\/\/www.0971pubblicita.it\/shop\/wp-content\/uploads\/2024\/10\/bicchieri-di-carta-a-parete-singola-e-doppia-personalizzati-1-10x10.webp 10w\" sizes=\"auto, (max-width: 800px) 100vw, 800px\" \/>\t\t\t\t\t\t\t\t<\/a>\n\t\t\t\t\t\t\t\t\t\t\t\t\t\t\t<\/div>\n\t\t\t\t<\/div>\n\t\t\t\t<div class=\"elementor-element elementor-element-d5f96d1 elementor-widget elementor-widget-heading\" data-id=\"d5f96d1\" data-element_type=\"widget\" data-e-type=\"widget\" data-widget_type=\"heading.default\">\n\t\t\t\t<div class=\"elementor-widget-container\">\n\t\t\t\t\t<h2 class=\"elementor-heading-title elementor-size-default\">100 ml<\/h2>\t\t\t\t<\/div>\n\t\t\t\t<\/div>\n\t\t\t\t<\/div>\n\t\t<div class=\"elementor-element elementor-element-d10713c e-con-full e-flex e-con e-child\" data-id=\"d10713c\" data-element_type=\"container\" data-e-type=\"container\">\n\t\t\t\t<div class=\"elementor-element elementor-element-83c65a7 elementor-widget elementor-widget-image\" data-id=\"83c65a7\" data-element_type=\"widget\" data-e-type=\"widget\" data-widget_type=\"image.default\">\n\t\t\t\t<div class=\"elementor-widget-container\">\n\t\t\t\t\t\t\t\t\t\t\t\t\t\t\t\t<a href=\"https:\/\/www.0971pubblicita.it\/shop\/wp-content\/uploads\/2024\/10\/PapCup-SW08-240ml-Template.pdf\">\n\t\t\t\t\t\t\t<img loading=\"lazy\" loading=\"lazy\" decoding=\"async\" width=\"800\" height=\"800\" src=\"https:\/\/www.0971pubblicita.it\/shop\/wp-content\/uploads\/2024\/10\/bicchieri-di-carta-a-parete-singola-e-doppia-personalizzati-4.webp\" class=\"attachment-large size-large wp-image-3292\" alt=\"bicchieri di carta a parete singola e doppia personalizzati\" srcset=\"https:\/\/www.0971pubblicita.it\/shop\/wp-content\/uploads\/2024\/10\/bicchieri-di-carta-a-parete-singola-e-doppia-personalizzati-4.webp 800w, https:\/\/www.0971pubblicita.it\/shop\/wp-content\/uploads\/2024\/10\/bicchieri-di-carta-a-parete-singola-e-doppia-personalizzati-4-300x300.webp 300w, https:\/\/www.0971pubblicita.it\/shop\/wp-content\/uploads\/2024\/10\/bicchieri-di-carta-a-parete-singola-e-doppia-personalizzati-4-150x150.webp 150w, https:\/\/www.0971pubblicita.it\/shop\/wp-content\/uploads\/2024\/10\/bicchieri-di-carta-a-parete-singola-e-doppia-personalizzati-4-768x768.webp 768w, https:\/\/www.0971pubblicita.it\/shop\/wp-content\/uploads\/2024\/10\/bicchieri-di-carta-a-parete-singola-e-doppia-personalizzati-4-600x600.webp 600w, https:\/\/www.0971pubblicita.it\/shop\/wp-content\/uploads\/2024\/10\/bicchieri-di-carta-a-parete-singola-e-doppia-personalizzati-4-100x100.webp 100w, https:\/\/www.0971pubblicita.it\/shop\/wp-content\/uploads\/2024\/10\/bicchieri-di-carta-a-parete-singola-e-doppia-personalizzati-4-1x1.webp 1w, https:\/\/www.0971pubblicita.it\/shop\/wp-content\/uploads\/2024\/10\/bicchieri-di-carta-a-parete-singola-e-doppia-personalizzati-4-10x10.webp 10w\" sizes=\"auto, (max-width: 800px) 100vw, 800px\" \/>\t\t\t\t\t\t\t\t<\/a>\n\t\t\t\t\t\t\t\t\t\t\t\t\t\t\t<\/div>\n\t\t\t\t<\/div>\n\t\t\t\t<div class=\"elementor-element elementor-element-9a05770 elementor-widget elementor-widget-heading\" data-id=\"9a05770\" data-element_type=\"widget\" data-e-type=\"widget\" data-widget_type=\"heading.default\">\n\t\t\t\t<div class=\"elementor-widget-container\">\n\t\t\t\t\t<h2 class=\"elementor-heading-title elementor-size-default\">240 ml<\/h2>\t\t\t\t<\/div>\n\t\t\t\t<\/div>\n\t\t\t\t<\/div>\n\t\t<div class=\"elementor-element elementor-element-3c77596 e-con-full e-flex e-con e-child\" data-id=\"3c77596\" data-element_type=\"container\" data-e-type=\"container\">\n\t\t\t\t<div class=\"elementor-element elementor-element-916f17a elementor-widget elementor-widget-image\" data-id=\"916f17a\" data-element_type=\"widget\" data-e-type=\"widget\" data-widget_type=\"image.default\">\n\t\t\t\t<div class=\"elementor-widget-container\">\n\t\t\t\t\t\t\t\t\t\t\t\t\t\t\t\t<a href=\"https:\/\/www.0971pubblicita.it\/shop\/wp-content\/uploads\/2024\/10\/PapCup-SW12-350ml-Template.pdf\">\n\t\t\t\t\t\t\t<img loading=\"lazy\" loading=\"lazy\" decoding=\"async\" width=\"800\" height=\"800\" src=\"https:\/\/www.0971pubblicita.it\/shop\/wp-content\/uploads\/2024\/10\/bicchieri-di-carta-a-parete-singola-e-doppia-personalizzati-2.jpg\" class=\"attachment-large size-large wp-image-3293\" alt=\"bicchieri di carta a parete singola e doppia personalizzati\" srcset=\"https:\/\/www.0971pubblicita.it\/shop\/wp-content\/uploads\/2024\/10\/bicchieri-di-carta-a-parete-singola-e-doppia-personalizzati-2.jpg 800w, https:\/\/www.0971pubblicita.it\/shop\/wp-content\/uploads\/2024\/10\/bicchieri-di-carta-a-parete-singola-e-doppia-personalizzati-2-300x300.jpg 300w, https:\/\/www.0971pubblicita.it\/shop\/wp-content\/uploads\/2024\/10\/bicchieri-di-carta-a-parete-singola-e-doppia-personalizzati-2-150x150.jpg 150w, https:\/\/www.0971pubblicita.it\/shop\/wp-content\/uploads\/2024\/10\/bicchieri-di-carta-a-parete-singola-e-doppia-personalizzati-2-768x768.jpg 768w, https:\/\/www.0971pubblicita.it\/shop\/wp-content\/uploads\/2024\/10\/bicchieri-di-carta-a-parete-singola-e-doppia-personalizzati-2-600x600.jpg 600w, https:\/\/www.0971pubblicita.it\/shop\/wp-content\/uploads\/2024\/10\/bicchieri-di-carta-a-parete-singola-e-doppia-personalizzati-2-100x100.jpg 100w, https:\/\/www.0971pubblicita.it\/shop\/wp-content\/uploads\/2024\/10\/bicchieri-di-carta-a-parete-singola-e-doppia-personalizzati-2-1x1.jpg 1w, https:\/\/www.0971pubblicita.it\/shop\/wp-content\/uploads\/2024\/10\/bicchieri-di-carta-a-parete-singola-e-doppia-personalizzati-2-10x10.jpg 10w\" sizes=\"auto, (max-width: 800px) 100vw, 800px\" \/>\t\t\t\t\t\t\t\t<\/a>\n\t\t\t\t\t\t\t\t\t\t\t\t\t\t\t<\/div>\n\t\t\t\t<\/div>\n\t\t\t\t<div class=\"elementor-element elementor-element-5138d8b elementor-widget elementor-widget-heading\" data-id=\"5138d8b\" data-element_type=\"widget\" data-e-type=\"widget\" data-widget_type=\"heading.default\">\n\t\t\t\t<div class=\"elementor-widget-container\">\n\t\t\t\t\t<h2 class=\"elementor-heading-title elementor-size-default\">350 ml<\/h2>\t\t\t\t<\/div>\n\t\t\t\t<\/div>\n\t\t\t\t<\/div>\n\t\t<div class=\"elementor-element elementor-element-d48c5c7 e-con-full e-flex e-con e-child\" data-id=\"d48c5c7\" data-element_type=\"container\" data-e-type=\"container\">\n\t\t\t\t<div class=\"elementor-element elementor-element-3a55ad3 elementor-widget elementor-widget-image\" data-id=\"3a55ad3\" data-element_type=\"widget\" data-e-type=\"widget\" data-widget_type=\"image.default\">\n\t\t\t\t<div class=\"elementor-widget-container\">\n\t\t\t\t\t\t\t\t\t\t\t\t\t\t\t\t<a href=\"https:\/\/www.0971pubblicita.it\/shop\/wp-content\/uploads\/2024\/10\/PapCup-SW16-450ml-Template.pdf\">\n\t\t\t\t\t\t\t<img loading=\"lazy\" loading=\"lazy\" decoding=\"async\" width=\"800\" height=\"800\" src=\"https:\/\/www.0971pubblicita.it\/shop\/wp-content\/uploads\/2024\/10\/bicchieri-di-carta-a-parete-singola-e-doppia-personalizzati-3.jpg\" class=\"attachment-large size-large wp-image-3294\" alt=\"bicchieri di carta a parete singola e doppia personalizzati\" srcset=\"https:\/\/www.0971pubblicita.it\/shop\/wp-content\/uploads\/2024\/10\/bicchieri-di-carta-a-parete-singola-e-doppia-personalizzati-3.jpg 800w, https:\/\/www.0971pubblicita.it\/shop\/wp-content\/uploads\/2024\/10\/bicchieri-di-carta-a-parete-singola-e-doppia-personalizzati-3-300x300.jpg 300w, https:\/\/www.0971pubblicita.it\/shop\/wp-content\/uploads\/2024\/10\/bicchieri-di-carta-a-parete-singola-e-doppia-personalizzati-3-150x150.jpg 150w, https:\/\/www.0971pubblicita.it\/shop\/wp-content\/uploads\/2024\/10\/bicchieri-di-carta-a-parete-singola-e-doppia-personalizzati-3-768x768.jpg 768w, https:\/\/www.0971pubblicita.it\/shop\/wp-content\/uploads\/2024\/10\/bicchieri-di-carta-a-parete-singola-e-doppia-personalizzati-3-600x600.jpg 600w, https:\/\/www.0971pubblicita.it\/shop\/wp-content\/uploads\/2024\/10\/bicchieri-di-carta-a-parete-singola-e-doppia-personalizzati-3-100x100.jpg 100w, https:\/\/www.0971pubblicita.it\/shop\/wp-content\/uploads\/2024\/10\/bicchieri-di-carta-a-parete-singola-e-doppia-personalizzati-3-1x1.jpg 1w, https:\/\/www.0971pubblicita.it\/shop\/wp-content\/uploads\/2024\/10\/bicchieri-di-carta-a-parete-singola-e-doppia-personalizzati-3-10x10.jpg 10w\" sizes=\"auto, (max-width: 800px) 100vw, 800px\" \/>\t\t\t\t\t\t\t\t<\/a>\n\t\t\t\t\t\t\t\t\t\t\t\t\t\t\t<\/div>\n\t\t\t\t<\/div>\n\t\t\t\t<div class=\"elementor-element elementor-element-931f887 elementor-widget elementor-widget-heading\" data-id=\"931f887\" data-element_type=\"widget\" data-e-type=\"widget\" data-widget_type=\"heading.default\">\n\t\t\t\t<div class=\"elementor-widget-container\">\n\t\t\t\t\t<h2 class=\"elementor-heading-title elementor-size-default\">450 ml<\/h2>\t\t\t\t<\/div>\n\t\t\t\t<\/div>\n\t\t\t\t<\/div>\n\t\t\t\t\t<\/div>\n\t\t\t\t<\/div>\n\t\t<div class=\"elementor-element elementor-element-5200c682 e-flex e-con-boxed e-con e-parent\" data-id=\"5200c682\" data-element_type=\"container\" data-e-type=\"container\">\n\t\t\t\t\t<div class=\"e-con-inner\">\n\t\t\t\t<div class=\"elementor-element elementor-element-827c888 elementor-widget elementor-widget-etheme_animated_headline\" data-id=\"827c888\" data-element_type=\"widget\" data-e-type=\"widget\" data-settings=\"{&quot;shape&quot;:&quot;underline&quot;,&quot;text_style&quot;:&quot;highlight&quot;,&quot;loop&quot;:&quot;yes&quot;,&quot;duration&quot;:{&quot;unit&quot;:&quot;px&quot;,&quot;size&quot;:&quot;&quot;,&quot;sizes&quot;:[]}}\" data-widget_type=\"etheme_animated_headline.default\">\n\t\t\t\t<div class=\"elementor-widget-container\">\n\t\t\t\t\t        \n        <div class=\"etheme-headline-wrapper\">\n            <h2 class=\"etheme-headline\" data-style=\"highlight\">\n\t\t                        <span class=\"etheme-headline-text-wrapper\">\n                \n\t\t        Descrizione<svg xmlns=\"http:\/\/www.w3.org\/2000\/svg\" viewBox=\"0 0 500 150\" preserveAspectRatio=\"none\"><path d=\"M5.5 125.883C149.207 118.384 329.838 103.383 495.5 125.883\"><\/path><\/svg>                \n                <\/span>\n                            <\/h2>\n        <\/div>\n        \n\t\t\t\t\t\t<\/div>\n\t\t\t\t<\/div>\n\t\t\t\t<div class=\"elementor-element elementor-element-2b110489 elementor-widget elementor-widget-text-editor\" data-id=\"2b110489\" data-element_type=\"widget\" data-e-type=\"widget\" data-widget_type=\"text-editor.default\">\n\t\t\t\t<div class=\"elementor-widget-container\">\n\t\t\t\t\t\t\t\t\tScarica il template:\n\n\nSe stai cercando un modo originale per promuovere il tuo brand, i bicchieri di carta personalizzati sono una soluzione ideale! Con il tuo logo in evidenza, i clienti noteranno subito la tua attivit\u00e0. Perfetti per servire caff\u00e8, t\u00e8 o bevande fredde, questi bicchieri offrono una presentazione d&#8217;impatto.\n\nMolte aziende e organizzazioni scelgono i nostri bicchieri per diverse iniziative di marketing, come fiere, eventi aziendali, o promozioni. I bicchieri di carta, adatti sia a bevande calde che fredde, rappresentano un modo pratico per mettere in luce il tuo marchio con stile.\n\n<strong>Parete singola o doppia per i bicchieri di carta?<\/strong> A seconda delle esigenze, puoi optare per bicchieri di carta a parete singola o doppia. Quelli a parete singola sono perfetti per bevande calde e fredde come succhi e caff\u00e8 con latte, mentre i bicchieri a parete doppia offrono un migliore isolamento termico, mantenendo il calore delle bevande per pi\u00f9 tempo e proteggendo le mani dalle alte temperature.\n\n<strong>Scegli la finitura ideale per i tuoi bicchieri personalizzati<\/strong> Offriamo bicchieri di carta personalizzabili con finiture opache o lucide. I bicchieri a parete singola hanno una superficie opaca, conferendo un look naturale. I bicchieri a parete doppia possono essere ordinati anche con una finitura lucida, ideale per far risaltare i colori del tuo design.\n\n<strong>Ampia gamma di formati disponibili<\/strong> I nostri bicchieri di carta personalizzati sono disponibili in diverse dimensioni per rispondere alle esigenze di qualsiasi evento o occasione. Dalla tazzina da espresso ai formati pi\u00f9 grandi per bevande da asporto, troverai sicuramente quello adatto al tuo scopo.\n\n<strong>Massima personalizzazione e produzione europea<\/strong> Grazie alla stampa offset in colori CMYK, i nostri bicchieri di carta possono essere personalizzati in modo creativo senza costi aggiuntivi per i colori. Produciamo esclusivamente in Europa per garantire la qualit\u00e0 e ridurre le emissioni di CO2 durante il trasporto, mantenendo consegne rapide e prezzi competitivi.\n\n<strong>Ordini a partire da 1000 pezzi<\/strong> Rendiamo i bicchieri di carta accessibili a tutti con quantit\u00e0 minime d&#8217;ordine a partire da 1000 pezzi e tempi di consegna veloci. Offriamo anche un servizio di progettazione grafica per chi desidera un aiuto nella creazione del proprio design personalizzato.\n\nPer maggiori informazioni o per un preventivo, contattaci!\n\n&nbsp;\n\n<strong>Certificazioni per i nostri bicchieri di carta<\/strong>\n\nTutti i nostri bicchieri di carta sono creati seguendo gli standard europei di produzione e seguono le regolazioni europee sugli imballaggi per cibi e bevande. La nostra collaborazione esclusiva con aziende manifatturiere di alta qualit\u00e0 ci premia con le seguenti certificazioni:\n\n<strong>Norme di buona fabbricazione (GMP)\u00a0<\/strong>\n\nIl GMP (Acronimo inglese per Good Manufacturing Practice) ha lo scopo di assicurare che i prodotti siano sicuri per i consumatori e che vengano prodotti con livelli di qualit\u00e0 appropriati al loro uso finale. Quindi, questo certificato fa referenza sia alla produzione che alla qualit\u00e0 dei procedimenti di gestione.\n\n<strong>Certificazione del sistema di qualit\u00e0 \u00a0\u2013 \u00a0ISO 9001:2015<\/strong>\n\nla norma ISO 9001:2015 definisce i criteri per il sistema di qualit\u00e0 che sono basati su un numero di principi che includono forte attenzione al cliente, motivazione e partecipazione dei top managers, l\u2019avvicinamento al processo e la continua migliorazione di questo. Tutto ci\u00f2 per assicurare ai consumatori di ottenere costantemente prodotti e servizi di alta qualit\u00e0\n\n<strong>Certificazione del sistema di Gestione \u00a0\u2013 ISO 9001, ISO 14001:2015<\/strong>\n\nla norma ISO 14001:2015 definisce i requisiti per un sistema di gestione ambientale che aiuta un&#8217;organizzazione a raggiungere un miglioramento delle prestazioni ambientali per quanto riguarda il pilastro ambientale della sostenibilit\u00e0. I risultati previsti comprendono il miglioramento delle prestazioni ambientali, l&#8217;adempimento degli obblighi di conformit\u00e0 e il conseguimento degli obiettivi ambientali.\n\n<strong>Consiglio di amministrazione forestale (FSC)<\/strong>\n\nIl certificato FSC \u00e8 un sistema di certificazione internazionale per la silvicoltura che garantisce che il legno e i prodotti cartacei muniti del sigillo FSC provengano da foreste gestite in modo responsabile. I produttori con cui stiamo lavorando hanno impianti di produzione certificati FSC, ma i bicchieri di carta personalizzati che producono non sono fatti di carta FSC. Questo significa che i produttori hanno gli impianti di produzione e processi per produrre bicchieri di carta con carta FSC, ma questa non \u00e8 una soluzione standard. Contattateci su mail@limepack.it se vuoi saperne di pi\u00f9 sulle tue possibilit\u00e0 di ordinare bicchieri di carta realizzati con carta FSC.\n\n<strong>Sistema di gestione della sicurezza degli imballaggi Certificato \u2013 UNI EN 15593:200<\/strong><strong>8<\/strong>\n\nLa norma EN 15593 stabilisce uno standard per la gestione dell&#8217;igiene nella produzione di imballaggi. Specifica inoltre i requisiti per un sistema di gestione dell&#8217;igiene per produttori e i fornitori di imballaggi alimentari, comprendendo le fasi di stoccaggio e trasporto. Una comunicazione efficace lungo la catena di confezionamento degli alimenti \u00e8 essenziale per garantire che tutti i rischi legati all&#8217;igiene degli imballaggi siano identificati e adeguatamente controllati.\t\t\t\t\t\t\t\t<\/div>\n\t\t\t\t<\/div>\n\t\t\t\t\t<\/div>\n\t\t\t\t<\/div>\n\t\t\t\t<\/div>\n\t\t","protected":false},"excerpt":{"rendered":"<h4 class=\"pb-2\">Ci pensiamo noi al design<\/h4>\n<p>Desideri assistenza gratuita per la progettazione del tuo design? Siamo qui per aiutare! Contattaci o carica semplicemente una bozza della tua idea iniziale durante l&#8217;ordine.<\/p>\n<p>Il nostro team di progettazione ti invier\u00e0 gratuitamente un esempio del design finale in attesa della tua approvazione. Richiedi modifiche gratuitamente, finch\u00e9 non sei soddisfatto.<\/p>\n","protected":false},"featured_media":3292,"template":"","meta":[],"etheme_brands":[],"product_brand":[],"product_cat":[470],"product_tag":[469],"class_list":{"0":"post-3241","1":"product","2":"type-product","3":"status-publish","4":"has-post-thumbnail","6":"product_cat-bicchieri-personalizzati","7":"product_tag-bicchieri-personalizzati","9":"first","10":"instock","11":"taxable","12":"shipping-taxable","13":"purchasable","14":"product-type-variable"},"_links":{"self":[{"href":"https:\/\/www.0971pubblicita.it\/shop\/wp-json\/wp\/v2\/product\/3241","targetHints":{"allow":["GET"]}}],"collection":[{"href":"https:\/\/www.0971pubblicita.it\/shop\/wp-json\/wp\/v2\/product"}],"about":[{"href":"https:\/\/www.0971pubblicita.it\/shop\/wp-json\/wp\/v2\/types\/product"}],"version-history":[{"count":2,"href":"https:\/\/www.0971pubblicita.it\/shop\/wp-json\/wp\/v2\/product\/3241\/revisions"}],"predecessor-version":[{"id":3541,"href":"https:\/\/www.0971pubblicita.it\/shop\/wp-json\/wp\/v2\/product\/3241\/revisions\/3541"}],"wp:featuredmedia":[{"embeddable":true,"href":"https:\/\/www.0971pubblicita.it\/shop\/wp-json\/wp\/v2\/media\/3292"}],"wp:attachment":[{"href":"https:\/\/www.0971pubblicita.it\/shop\/wp-json\/wp\/v2\/media?parent=3241"}],"wp:term":[{"taxonomy":"brand","embeddable":true,"href":"https:\/\/www.0971pubblicita.it\/shop\/wp-json\/wp\/v2\/etheme_brands?post=3241"},{"taxonomy":"product_brand","embeddable":true,"href":"https:\/\/www.0971pubblicita.it\/shop\/wp-json\/wp\/v2\/product_brand?post=3241"},{"taxonomy":"product_cat","embeddable":true,"href":"https:\/\/www.0971pubblicita.it\/shop\/wp-json\/wp\/v2\/product_cat?post=3241"},{"taxonomy":"product_tag","embeddable":true,"href":"https:\/\/www.0971pubblicita.it\/shop\/wp-json\/wp\/v2\/product_tag?post=3241"}],"curies":[{"name":"wp","href":"https:\/\/api.w.org\/{rel}","templated":true}]}}