{"id":2879,"date":"2024-08-03T17:46:16","date_gmt":"2024-08-03T15:46:16","guid":{"rendered":"https:\/\/www.0971pubblicita.it\/shop\/?post_type=product&#038;p=2879"},"modified":"2025-05-02T19:05:11","modified_gmt":"2025-05-02T17:05:11","slug":"dtf-uv-adesivo-online","status":"publish","type":"product","link":"https:\/\/www.0971pubblicita.it\/shop\/prodotto\/dtf-uv-adesivo-online\/","title":{"rendered":"DTF UV"},"content":{"rendered":"<p><strong>Personalizza il tuo merchandising, gadgets e tanto altro con la stampa DTF UV (adesivo) &#8211; 0971 Pubblicit\u00e0<\/strong><\/p>\n<p>Grazie al servizio avanzato di stampa DTF UV offerto da 0971 Pubblicit\u00e0, puoi trasformare le tue grafiche in straordinari adesivi su pellicola, pronti per essere applicati su una vasta gamma di oggetti in maniera semplice, precisa e ultra resistente.<\/p>\n<p>Siamo entusiasti di presentarti la nostra nuova stampante DTF UV,<br \/>\nche ci consente di personalizzare una vasta variet\u00e0 di materiali con risultati sorprendenti e di altissima qualit\u00e0.<\/p>\n<p>I tuoi gadget avranno un aspetto incredibile, e l\u2019applicazione sar\u00e0 sorprendentemente semplice.<\/p>\n<p>La stampa DTF UV rappresenta un&#8217;innovativa tecnologia di essiccazione istantanea, utilizzando raggi ultravioletti per creare adesivi ultra-resistenti e definiti nei minimi dettagli. Le immagini e i testi risultano particolarmente nitidi e precisi.<\/p>\n<p>A differenza della stampa DTF tradizionale utilizzata per i tessuti, la versione DTF UV richiede l&#8217;impiego di una pellicola transfer e fogli pretrattati con colla o primer specifici per l&#8217;applicazione.<\/p>\n<p><strong>I vantaggi della stampa DTF UV di 0971 Pubblicit\u00e0:<\/strong><\/p>\n<ul>\n<li><strong>Nessun impianto necessario:<\/strong> Riduci i costi e i tempi di avvio senza la necessit\u00e0 di impianti.<\/li>\n<li><strong>Nessuna quantit\u00e0 minima:<\/strong> Realizza anche piccoli lotti senza vincoli di quantit\u00e0.<\/li>\n<li><strong>Stampe multisoggetto:<\/strong> Personalizza diversi soggetti con una sola lavorazione.<\/li>\n<\/ul>\n<p><strong>Caratteristiche e punti di forza principali:<\/strong><\/p>\n<ul>\n<li><strong>Applicali ovunque:<\/strong> Adesivi super resistenti adatti a qualsiasi superficie piana.<\/li>\n<li><strong>Stickers ultra-resistenti:<\/strong> Adesivi durevoli, perfetti per ogni tipo di oggetto.<\/li>\n<li><strong>Dettagli incredibili:<\/strong> Massima precisione nei dettagli, per risultati sempre impeccabili.<\/li>\n<li><strong>Ampia variet\u00e0 di applicazioni:<\/strong> Personalizza borracce, cover, tazze, penne, automezzi, vetri e molto altro senza limiti di colori o dettagli.<\/li>\n<li><strong>Esclusivit\u00e0 del brand:<\/strong> Ogni oggetto acquisisce un carattere unico, capace di raccontare al meglio il tuo brand.<\/li>\n<\/ul>\n<p>0971 Pubblicit\u00e0 \u00e8 il tuo partner ideale per soluzioni di merchandising personalizzate, dove creativit\u00e0 e tecnologia si incontrano per offrirti il meglio.<\/p>\n<h2 id=\"PREPARAZIONE\"><\/h2>\n<p>_________________________________________________________________________________________<\/p>\n<h3>Come preparare i file:<\/h3>\n<p><strong>LARGEZZA<\/strong>:\u00a0 \u00a0 <em>BOBINA FISSA DA 54 CM<\/em><br \/>\n<strong>LUNGHEZZA<\/strong>: la misura che ti occorre<br \/>\n<img loading=\"lazy\" loading=\"lazy\" decoding=\"async\" class=\"alignnone size-full wp-image-2933\" src=\"https:\/\/www.0971pubblicita.it\/shop\/wp-content\/uploads\/2024\/08\/Immagine-2024-08-14-183523.png\" alt=\"COME PREPARARE FILE DTF\" width=\"942\" height=\"358\" srcset=\"https:\/\/www.0971pubblicita.it\/shop\/wp-content\/uploads\/2024\/08\/Immagine-2024-08-14-183523.png 942w, https:\/\/www.0971pubblicita.it\/shop\/wp-content\/uploads\/2024\/08\/Immagine-2024-08-14-183523-300x114.png 300w, https:\/\/www.0971pubblicita.it\/shop\/wp-content\/uploads\/2024\/08\/Immagine-2024-08-14-183523-768x292.png 768w, https:\/\/www.0971pubblicita.it\/shop\/wp-content\/uploads\/2024\/08\/Immagine-2024-08-14-183523-600x228.png 600w, https:\/\/www.0971pubblicita.it\/shop\/wp-content\/uploads\/2024\/08\/Immagine-2024-08-14-183523-1x1.png 1w, https:\/\/www.0971pubblicita.it\/shop\/wp-content\/uploads\/2024\/08\/Immagine-2024-08-14-183523-10x4.png 10w\" sizes=\"auto, (max-width: 942px) 100vw, 942px\" \/><\/p>\n<p>&nbsp;<\/p>\n","protected":false},"excerpt":{"rendered":"<p>STAMPA I TUOI ADESIVI DTF UV PER PERSONALIZZARE QUALSIASI GADGETS<\/p>\n<div class=\"aic disflex\">\n<div class=\"custom_cell p5\">\n<p class=\"man taj\"><strong>Stampa<\/strong>: Quadricromia +bianco<\/p>\n<\/div>\n<\/div>\n<div class=\"aic disflex\">\n<div class=\"custom_cell p5 fw400 pl10\"><strong>Condizioni di posa:<\/strong> Posa facile senza attrezzi o spatola di stesura.<\/div>\n<\/div>\n<div class=\"aic disflex\">\n<div class=\"custom_cell p5 fw400 pl10\"><strong>Materiali compatibili:<\/strong> Plastica, metallo, legno, ceramica, vetro, etc.<\/div>\n<\/div>\n<div class=\"aic disflex\">\n<div class=\"custom_cell p5 fw400 pl10\"><strong>Caratteristica:<\/strong> Forte resistenza, ottima resa dei colori, senza sbavature<\/div>\n<\/div>\n<div><\/div>\n<p>_____________________<br \/>\nGUIDA: <a href=\"#PREPARAZIONE\">Come preparare i file<\/a><br \/>\n_____________________<\/p>\n<p>Fino a 5 metri lineari <strong>\u20ac39,90<\/strong><br \/>\nOltre i 5 metri lineari <strong>\u20ac29,90<\/strong><\/p>\n<h4>CALCOLA QUI IL PREZZO:<\/h4>\n<div class=\"aic disflex\">\n<div><\/div>\n<\/div>\n","protected":false},"featured_media":2930,"template":"","meta":[],"etheme_brands":[],"product_brand":[],"product_cat":[440],"product_tag":[439],"class_list":{"0":"post-2879","1":"product","2":"type-product","3":"status-publish","4":"has-post-thumbnail","6":"product_cat-dtf","7":"product_tag-dtf-uv","9":"first","10":"instock","11":"taxable","12":"shipping-taxable","13":"purchasable","14":"product-type-simple"},"_links":{"self":[{"href":"https:\/\/www.0971pubblicita.it\/shop\/wp-json\/wp\/v2\/product\/2879","targetHints":{"allow":["GET"]}}],"collection":[{"href":"https:\/\/www.0971pubblicita.it\/shop\/wp-json\/wp\/v2\/product"}],"about":[{"href":"https:\/\/www.0971pubblicita.it\/shop\/wp-json\/wp\/v2\/types\/product"}],"version-history":[{"count":2,"href":"https:\/\/www.0971pubblicita.it\/shop\/wp-json\/wp\/v2\/product\/2879\/revisions"}],"predecessor-version":[{"id":3497,"href":"https:\/\/www.0971pubblicita.it\/shop\/wp-json\/wp\/v2\/product\/2879\/revisions\/3497"}],"wp:featuredmedia":[{"embeddable":true,"href":"https:\/\/www.0971pubblicita.it\/shop\/wp-json\/wp\/v2\/media\/2930"}],"wp:attachment":[{"href":"https:\/\/www.0971pubblicita.it\/shop\/wp-json\/wp\/v2\/media?parent=2879"}],"wp:term":[{"taxonomy":"brand","embeddable":true,"href":"https:\/\/www.0971pubblicita.it\/shop\/wp-json\/wp\/v2\/etheme_brands?post=2879"},{"taxonomy":"product_brand","embeddable":true,"href":"https:\/\/www.0971pubblicita.it\/shop\/wp-json\/wp\/v2\/product_brand?post=2879"},{"taxonomy":"product_cat","embeddable":true,"href":"https:\/\/www.0971pubblicita.it\/shop\/wp-json\/wp\/v2\/product_cat?post=2879"},{"taxonomy":"product_tag","embeddable":true,"href":"https:\/\/www.0971pubblicita.it\/shop\/wp-json\/wp\/v2\/product_tag?post=2879"}],"curies":[{"name":"wp","href":"https:\/\/api.w.org\/{rel}","templated":true}]}}