{"id":2122,"date":"2024-03-02T17:49:49","date_gmt":"2024-03-02T16:49:49","guid":{"rendered":"https:\/\/www.0971pubblicita.it\/shop\/?post_type=product&#038;p=2122"},"modified":"2025-05-02T17:27:19","modified_gmt":"2025-05-02T15:27:19","slug":"cartelline-a4-portadocumenti-senza-dorso","status":"publish","type":"product","link":"https:\/\/www.0971pubblicita.it\/shop\/prodotto\/cartelline-a4-portadocumenti-senza-dorso\/","title":{"rendered":"Cartelline A4 portadocumenti (senza dorso)"},"content":{"rendered":"<p>Stampa cartelline portadocumenti personalizzate e valorizza la tua immagine aziendale con 0971 Pubblicit\u00e0 | Print! Consegna i tuoi progetti in modo professionale, presenta i tuoi prodotti durante incontri aziendali o distribuisci documenti in modo efficace durante fiere ed eventi. Le cartelline portadocumenti personalizzate con il tuo logo sono un modo efficace per far conoscere il tuo brand. 0971 Pubblicit\u00e0 | Print offre un servizio di stampa online di cartelline portadocumenti, garantendo i migliori materiali per presentare la tua attivit\u00e0 in modo impeccabile. Oltre alla stampa di cartelline, troverai una vasta gamma di prodotti personalizzabili per la tua quotidianit\u00e0, dal lavoro all&#8217;ufficio. La nostra impegno \u00e8 garantire la massima qualit\u00e0 dei prodotti, offrendo una variet\u00e0 di colori, carte e formati per soddisfare le tue esigenze. Con servizi di personalizzazione e assistenza sui file a prezzi competitivi, la spedizione \u00e8 gratuita e ogni stampa \u00e8 sottoposta a un attento controllo per assicurare la correttezza. Scopri i modelli di cartelline portadocumenti, dai classici senza tasca alle versioni deluxe. Scegli il formato, il colore e il materiale che meglio rappresentano la tua azienda e personalizza la stampa dei tuoi raccoglitori portadocumenti. Dai risalto alla tua immagine aziendale scegliendo tra diverse opzioni di stampa, tra cui la verniciatura parziale a rilievo o la stampa a caldo in oro o argento. Personalizza il dorso, scegliendo tra diverse opzioni e aggiungi dettagli come il taglio portabiglietti. Con 0971 Pubblicit\u00e0 | Print, stampare cartelline online diventa un&#8217;esperienza personalizzata. Scegli il formato, il colore e il materiale che meglio rappresentano la tua azienda e personalizza la stampa dei tuoi raccoglitori portadocumenti. Scegli il modello adatto alle tue esigenze tra cartelline con tasca ad incastro semplice, senza tasche, nobilitate o deluxe. Personalizza la stampa con il tuo logo o un&#8217;immagine rappresentativa, trasmettendo un messaggio unico ai tuoi clienti. Affida la stampa delle tue cartelline portadocumenti a 0971 Pubblicit\u00e0 | Print e ricevi consegne gratuite in tutta Italia tramite corriere espresso. Garantiamo la correttezza dei file con un controllo gratuito e, se non sei soddisfatto, la nostra garanzia Soddisfatti o Ristampati assicura la ristampa gratuita delle tue cartelline personalizzate.<\/p>\n","protected":false},"excerpt":{"rendered":"<div class=\"product__description\">Scegli la nostra cartellina formato chiuso 22,1&#215;30,6 cm. Stampa in qualit\u00e0 offset a 4 colori solo fronte su carta patinata opaca 300 gr.<\/div>\n","protected":false},"featured_media":2123,"template":"","meta":[],"etheme_brands":[],"product_brand":[],"product_cat":[432],"product_tag":[433],"class_list":{"0":"post-2122","1":"product","2":"type-product","3":"status-publish","4":"has-post-thumbnail","6":"product_cat-cartelline-portadocumenti","7":"product_tag-cartelline-portadocumenti","9":"first","10":"instock","11":"taxable","12":"shipping-taxable","13":"purchasable","14":"product-type-variable"},"_links":{"self":[{"href":"https:\/\/www.0971pubblicita.it\/shop\/wp-json\/wp\/v2\/product\/2122","targetHints":{"allow":["GET"]}}],"collection":[{"href":"https:\/\/www.0971pubblicita.it\/shop\/wp-json\/wp\/v2\/product"}],"about":[{"href":"https:\/\/www.0971pubblicita.it\/shop\/wp-json\/wp\/v2\/types\/product"}],"version-history":[{"count":0,"href":"https:\/\/www.0971pubblicita.it\/shop\/wp-json\/wp\/v2\/product\/2122\/revisions"}],"wp:featuredmedia":[{"embeddable":true,"href":"https:\/\/www.0971pubblicita.it\/shop\/wp-json\/wp\/v2\/media\/2123"}],"wp:attachment":[{"href":"https:\/\/www.0971pubblicita.it\/shop\/wp-json\/wp\/v2\/media?parent=2122"}],"wp:term":[{"taxonomy":"brand","embeddable":true,"href":"https:\/\/www.0971pubblicita.it\/shop\/wp-json\/wp\/v2\/etheme_brands?post=2122"},{"taxonomy":"product_brand","embeddable":true,"href":"https:\/\/www.0971pubblicita.it\/shop\/wp-json\/wp\/v2\/product_brand?post=2122"},{"taxonomy":"product_cat","embeddable":true,"href":"https:\/\/www.0971pubblicita.it\/shop\/wp-json\/wp\/v2\/product_cat?post=2122"},{"taxonomy":"product_tag","embeddable":true,"href":"https:\/\/www.0971pubblicita.it\/shop\/wp-json\/wp\/v2\/product_tag?post=2122"}],"curies":[{"name":"wp","href":"https:\/\/api.w.org\/{rel}","templated":true}]}}