{"id":1595,"date":"2023-03-20T15:56:29","date_gmt":"2023-03-20T14:56:29","guid":{"rendered":"https:\/\/www.0971pubblicita.it\/shop\/?post_type=product&#038;p=1595"},"modified":"2024-03-11T00:48:13","modified_gmt":"2024-03-10T23:48:13","slug":"puzzle-personalizzato-con-foto","status":"publish","type":"product","link":"https:\/\/www.0971pubblicita.it\/shop\/prodotto\/puzzle-personalizzato-con-foto\/","title":{"rendered":"Puzzle personalizzato con foto (40&#215;27 cm &#8211; 140 pz)"},"content":{"rendered":"<h1>Puzzle personalizzato con Foto<\/h1>\n<div class=\"text-wrapper\">\n<div class=\"text-wrapper\">\n<div class=\"text-wrapper\">\n<p>Un foto puzzle personalizzato \u00e8 qualcosa di davvero speciale!<br \/>\nPuoi trasformare la tua foto preferita in un vero e proprio puzzle.<br \/>\nMisura: 40&#215;27 cm<br \/>\nPezzi: 140 pz<\/p>\n<p>Trasforma in pochi minuti i tuoi momenti pi\u00f9 indimenticabili, le foto di famiglia, divertenti scatti o i pi\u00f9 bei ricordi delle tue vacanze in un bellissimo puzzle fotografico. In questo modo potrai rivivere i tuoi pi\u00f9 bei momenti e ricordi.<\/p>\n<\/div>\n<\/div>\n<\/div>\n","protected":false},"excerpt":{"rendered":"<p>Misura: 40&#215;27 cm<\/p>\n<p>Pezzi: 140 pz<\/p>\n","protected":false},"featured_media":2615,"template":"","meta":[],"etheme_brands":[],"product_brand":[],"product_cat":[15,437],"product_tag":[],"class_list":{"0":"post-1595","1":"product","2":"type-product","3":"status-publish","4":"has-post-thumbnail","6":"product_cat-gadgets","7":"product_cat-puzzle","9":"first","10":"instock","11":"taxable","12":"shipping-taxable","13":"purchasable","14":"product-type-simple"},"_links":{"self":[{"href":"https:\/\/www.0971pubblicita.it\/shop\/wp-json\/wp\/v2\/product\/1595","targetHints":{"allow":["GET"]}}],"collection":[{"href":"https:\/\/www.0971pubblicita.it\/shop\/wp-json\/wp\/v2\/product"}],"about":[{"href":"https:\/\/www.0971pubblicita.it\/shop\/wp-json\/wp\/v2\/types\/product"}],"version-history":[{"count":0,"href":"https:\/\/www.0971pubblicita.it\/shop\/wp-json\/wp\/v2\/product\/1595\/revisions"}],"wp:featuredmedia":[{"embeddable":true,"href":"https:\/\/www.0971pubblicita.it\/shop\/wp-json\/wp\/v2\/media\/2615"}],"wp:attachment":[{"href":"https:\/\/www.0971pubblicita.it\/shop\/wp-json\/wp\/v2\/media?parent=1595"}],"wp:term":[{"taxonomy":"brand","embeddable":true,"href":"https:\/\/www.0971pubblicita.it\/shop\/wp-json\/wp\/v2\/etheme_brands?post=1595"},{"taxonomy":"product_brand","embeddable":true,"href":"https:\/\/www.0971pubblicita.it\/shop\/wp-json\/wp\/v2\/product_brand?post=1595"},{"taxonomy":"product_cat","embeddable":true,"href":"https:\/\/www.0971pubblicita.it\/shop\/wp-json\/wp\/v2\/product_cat?post=1595"},{"taxonomy":"product_tag","embeddable":true,"href":"https:\/\/www.0971pubblicita.it\/shop\/wp-json\/wp\/v2\/product_tag?post=1595"}],"curies":[{"name":"wp","href":"https:\/\/api.w.org\/{rel}","templated":true}]}}