{"id":1280,"date":"2020-12-26T16:36:40","date_gmt":"2020-12-26T15:36:40","guid":{"rendered":"https:\/\/www.0971pubblicita.it\/shop\/?post_type=product&#038;p=1280"},"modified":"2025-05-13T13:22:18","modified_gmt":"2025-05-13T11:22:18","slug":"depliant-pieghevole-piega-a-portafoglio","status":"publish","type":"product","link":"https:\/\/www.0971pubblicita.it\/shop\/prodotto\/depliant-pieghevole-piega-a-portafoglio\/","title":{"rendered":"Depliant Pieghevole &#8211; Piega a portafoglio"},"content":{"rendered":"<p>Brochure e depliant pieghevoli possono raccontare la tua attivit\u00e0 o azienda in un modo creativo ed interessante.<\/p>\n<p>La stampa pieghevoli online di 0971 Pubblicit\u00e0 ti aiuta a personalizzare la tua comunicazione aziendale tramite immagini e informazioni in un unico foglio. Scegli uno dei nostri pieghevoli per promuovere la tua azienda, i tuoi prodotti e i tuoi servizi.<\/p>\n<p>I nostri pieghevoli sono realizzati con carta di qualit\u00e0. Di conseguenza anche gli usi a cui si prestano sono vari, possono essere utilizzati anche come brochure o men\u00f9 per la ristorazione. L\u2019efficacia dei pieghevoli, pu\u00f2 rivelarsi davvero interessante per la presentazione di un nuovo negozio, di un nuovo prodotto, o per pubblicizzare un evento.<br \/>\nMigliora la tua attivit\u00e0 con i nostri prodotti, scegli oggi la stampa pieghevoli online di 0971 Pubblicit\u00e0, alta qualit\u00e0 a prezzi imbattibili.<\/p>\n","protected":false},"excerpt":{"rendered":"<p>2 PIEGHE | 6 FACCIATE<\/p>\n<p>FORMATO APERTO: 21X30<\/p>\n<p>FORMATO CHIUSO: 10X21<\/p>\n<p>CARTA: 120 GR.<\/p>\n","protected":false},"featured_media":1904,"template":"","meta":[],"etheme_brands":[],"product_brand":[],"product_cat":[429],"product_tag":[],"class_list":{"0":"post-1280","1":"product","2":"type-product","3":"status-publish","4":"has-post-thumbnail","6":"product_cat-pieghevoli","8":"first","9":"instock","10":"taxable","11":"shipping-taxable","12":"purchasable","13":"product-type-variable"},"_links":{"self":[{"href":"https:\/\/www.0971pubblicita.it\/shop\/wp-json\/wp\/v2\/product\/1280","targetHints":{"allow":["GET"]}}],"collection":[{"href":"https:\/\/www.0971pubblicita.it\/shop\/wp-json\/wp\/v2\/product"}],"about":[{"href":"https:\/\/www.0971pubblicita.it\/shop\/wp-json\/wp\/v2\/types\/product"}],"version-history":[{"count":1,"href":"https:\/\/www.0971pubblicita.it\/shop\/wp-json\/wp\/v2\/product\/1280\/revisions"}],"predecessor-version":[{"id":3371,"href":"https:\/\/www.0971pubblicita.it\/shop\/wp-json\/wp\/v2\/product\/1280\/revisions\/3371"}],"wp:featuredmedia":[{"embeddable":true,"href":"https:\/\/www.0971pubblicita.it\/shop\/wp-json\/wp\/v2\/media\/1904"}],"wp:attachment":[{"href":"https:\/\/www.0971pubblicita.it\/shop\/wp-json\/wp\/v2\/media?parent=1280"}],"wp:term":[{"taxonomy":"brand","embeddable":true,"href":"https:\/\/www.0971pubblicita.it\/shop\/wp-json\/wp\/v2\/etheme_brands?post=1280"},{"taxonomy":"product_brand","embeddable":true,"href":"https:\/\/www.0971pubblicita.it\/shop\/wp-json\/wp\/v2\/product_brand?post=1280"},{"taxonomy":"product_cat","embeddable":true,"href":"https:\/\/www.0971pubblicita.it\/shop\/wp-json\/wp\/v2\/product_cat?post=1280"},{"taxonomy":"product_tag","embeddable":true,"href":"https:\/\/www.0971pubblicita.it\/shop\/wp-json\/wp\/v2\/product_tag?post=1280"}],"curies":[{"name":"wp","href":"https:\/\/api.w.org\/{rel}","templated":true}]}}