{"id":1230,"date":"2020-11-28T18:06:09","date_gmt":"2020-11-28T17:06:09","guid":{"rendered":"https:\/\/www.0971pubblicita.it\/shop\/?post_type=product&#038;p=1230"},"modified":"2025-09-01T19:21:24","modified_gmt":"2025-09-01T17:21:24","slug":"quadro_personalizzato_foto_economico_offerta_online","status":"publish","type":"product","link":"https:\/\/www.0971pubblicita.it\/shop\/prodotto\/quadro_personalizzato_foto_economico_offerta_online\/","title":{"rendered":"Quadro personalizzato con foto"},"content":{"rendered":"<ol>\n<li>Quadri Canvas con Foto<\/li>\n<\/ol>\n<p>Desideri dare forma alle tue migliori Fotografie per esporle nelle tue stanze di casa o nel tuo ufficio a lavoro?<br \/>\nDa oggi hai la possibilit\u00e0 di stampare\u00a0<strong>le tue Immagini su Tela Canvas<\/strong>\u00a0in modo facile e veloce, realizzando dei\u00a0<strong>Quadri in Canvas personalizzati<\/strong>\u00a0pronti per essere appesi alle\u00a0<strong>tue pareti<\/strong>.<\/p>\n<p><strong>Quali vantaggi offrono i Quadri Canvas con Foto?<\/strong><\/p>\n<ul>\n<li><strong>Comodit\u00e0<\/strong>: stampabile in pochi click attraverso questa pagina, il tuo nuovo\u00a0<strong>Quadro in Canvas con Foto<\/strong>\u00a0sar\u00e0 gi\u00e0 pronto per l\u2019utilizzo. Sar\u00e0 dotato di utile\u00a0<strong>Kit di montaggio<\/strong>, compreso nel prezzo, e potr\u00e0 essere installato in comodit\u00e0. Non dovrai perdere del tempo prezioso per cercare una cornice adatta per la tua Foto, come nel caso delle classiche Foto cartacee.<\/li>\n<li><strong>Stampa in alta definizione<\/strong>: utilizziamo le migliori tecnologie di stampa per garantirti delle Immagini in altissima definizione. Le tue Foto preferite saranno stampate su Tela Canvas con colori brillanti e dettagli fedeli.<\/li>\n<li><strong>Resistenza nel tempo<\/strong>: la Tela Canvas \u00e8 un supporto \u201cfatto per durare\u201d e non ingiallisce. Inoltre il Telaio in legno, non visibile durante l\u2019esposizione del Fotoquadro, garantir\u00e0 un\u2019ottimale tensione della Tela stampata anche a distanza di tempo.<\/li>\n<li><strong>Ampia disponibilit\u00e0 di Formati<\/strong>: mettiamo a tua disposizione ben\u00a0<strong>21 Formati<\/strong>\u00a0predefiniti per la stampa del tuo nuovo Quadro Canvas. Scegli quello pi\u00f9 adatto alla tua Immagine e alle tue esigenze di spazio!<\/li>\n<\/ul>\n<p><strong>Carica la tua Fotografia<\/strong>\u00a0e realizza il tuo nuovo\u00a0<strong>Quadro Canvas<\/strong>\u00a0in pochi click! Puoi farlo all\u2019interno di questa pagina: completa la configurazione e seleziona la\u00a0<strong>modalit\u00e0 di Consegna<\/strong>\u00a0che preferisci. Riceverai il tuo nuovo\u00a0<strong>Quadro con Foto<\/strong>\u00a0direttamente a casa tua (o nel tuo ufficio) attraverso\u00a0<strong>Spedizioni<\/strong>\u00a0veloci e puntuali!<\/p>\n<h2>Stampa su Canvas le tue Immagini preferite direttamente dal tuo smartphone<\/h2>\n<p>Hai scattato una Fotografia che ti piace particolarmente e che rappresenta per te un ricordo prezioso? Desideri esporre la riproduzione di un dipinto famoso che ti sta a cuore? Oggi puoi farlo, direttamente dal tuo smartphone! Scegli una stampa di qualit\u00e0 e un servizio online comodo e veloce: 0971 pubblicit\u00e0 \u00e8 il partner ideale per la realizzazione di <strong>Quadri in Canvas personalizzati<\/strong>.<\/p>\n<p>La\u00a0<strong>stampa su Tela Canvas<\/strong>\u00a0sapr\u00e0 restituirti un prodotto in alta definizione, caratterizzato da colori brillanti e dettagli fedeli. Il\u00a0<strong>Canvas<\/strong>, infatti, \u00e8 un supporto incredibilmente adatto alla stampa, molto simile alla tela di un dipinto. Potrai esibire dei Quadri in Canvas originali, belli e \u201cfatti su misura\u201d per te.<\/p>\n<h2>Il tuo nuovo Quadro Canvas: scegli il Formato ideale per la tua Foto<\/h2>\n<p>Per la stampa del tuo\u00a0<strong>Quadro in Canvas<\/strong>\u00a0puoi scegliere uno dei tanti Formati disponibili:<\/p>\n<ul>\n<li><strong>Quadro Canvas Formato Quadrato<\/strong>: 20&#215;20 cm, 30&#215;30 cm, 40&#215;40 cm, 50&#215;50 cm, 60&#215;60 cm, 80&#215;80 cm, 100&#215;100 cm.<\/li>\n<li><strong>Quadro Canvas Formato Rettangolare<\/strong>: 30&#215;20 cm, 40&#215;30 cm, 50&#215;40 cm, 60&#215;40 cm, 60&#215;50 cm, 75&#215;50 cm, 80&#215;60 cm, 90&#215;60 cm, 100&#215;75 cm.<\/li>\n<li><strong>Quadro Canvas Formato Panoramico<\/strong>: 60&#215;20 cm, 60&#215;30 cm, 80&#215;40 cm, 100&#215;30 cm, 100&#215;50 cm.<\/li>\n<\/ul>\n<p>Puoi anche scegliere l\u2019<strong>Orientamento<\/strong>\u00a0dell\u2019Immagine: Orizzontale o Verticale.<\/p>\n<h2>Quadri in Canvas di piccole o grandi dimensioni: a te la scelta!<\/h2>\n<p>Puoi realizzare dei\u00a0<strong>Quadri in Canvas in piccolo o grande Formato<\/strong>. I Quadri in Canvas di piccole dimensioni sono perfetti per confezionare dei regali originali e sorprendenti. Il grande Formato, invece, pu\u00f2 dare grandissima visibilit\u00e0 all\u2019immagine ed \u00e8 perfetto per decorare le stanze di casa o il tuo studio. Puoi divertirti a creare tantissime combinazioni, affiancando dei Pannelli in Canvas di diverse dimensioni. Non porre alcun limite alla tua creativit\u00e0!<\/p>\n<h2>Carica la tua Foto e personalizza il Quadro Canvas con l\u2019Editor online<\/h2>\n<p>Una volta selezionate le opzioni di configurazione che preferisci, hai la possibilit\u00e0 di caricare la tua Foto e personalizzare il Fotoquadro attraverso il nuovo\u00a0<strong>Editor online<\/strong>. Potrai visualizzare in anteprima l\u2019aspetto finale del prodotto, spostando o ridimensionando l\u2019Immagine, e aggiungendo ulteriori elementi come Testi, Forme o uno Sfondo colorato.<\/p>\n<p>Non ti rester\u00e0 altro da fare che dare libero sfogo alla tua creativit\u00e0 per realizzare un\u00a0<strong>Quadro Canvas<\/strong>\u00a0del tutto in linea con l\u2019immagine coordinata del tuo ufficio o con l\u2019arredamento della tua stanza.<\/p>\n<p>Grazie al comodo\u00a0<strong>visualizzatore a 360 gradi<\/strong>\u00a0potrai avere un\u2019idea precisa del risultato finale. La rappresentazione 3D ti permetter\u00e0 di ruotare il Fotoquadro in qualsiasi direzione e di studiarne ogni dettaglio.<\/p>\n<h2>Quadri in Canvas personalizzabili dal prezzo imperdibile<\/h2>\n<p>I tuoi ricordi hanno grande valore. Dai loro forma con una stampa di alto livello! Con 0971 Pubblicit\u00e0 puoi stampare le tue immagini su dei Quadri in Canvas in alta definizione, approfittando di un\u2019<b>offerta imperdibile<\/b>. Scopri i\u00a0<strong>prezzi<\/strong>\u00a0vantaggiosi all\u2019interno di questa pagina e non lasciarti sfuggire l\u2019occasione: realizza delle stampe per arredo uniche.<\/p>\n<h2>Come posso appendere il mio nuovo Quadro in Canvas?<\/h2>\n<p>Riceverai il tuo nuovo\u00a0<strong>Quadro in Canvas<\/strong>\u00a0dotato di pratico\u00a0<strong>Kit di montaggio<\/strong>: un gancetto color oro e delle viti abbinate, da utilizzare per appendere il prodotto alla parete. Il Telaio in legno e il gancetto, comunque, non saranno visibili durante l\u2019esposizione, assicurandoti una piena visibilit\u00e0 dell\u2019immagine.<\/p>\n<h2>Il Quadro con Foto: un regalo perfetto per ogni occasione!<\/h2>\n<p>Stai pensando a un regalo originale per un amico o un famigliare? I regali pi\u00f9 apprezzati sono sempre quelli contraddistinti da un profondo significato simbolico. Immagina di poter dare forma a un ricordo condiviso per ricordare una vacanza indimenticabile o una giornata speciale di festa passate insieme. Oggi puoi stampare\u00a0<strong>le tue Foto<\/strong>\u00a0nostalgiche su dei\u00a0<strong>Quadri in Canvas<\/strong>\u00a0che potranno impreziosire le pareti delle stanze dei tuoi cari.<\/p>\n<p>Natale, Festa della mamma, Festa del pap\u00e0, Anniversari, Compleanni&#8230; I\u00a0<strong>Quadri Canvas<\/strong>\u00a0sono il regalo perfetto per ogni occasione. Un dono unico, con un profondo significato per te e per le persone che ti stanno vicino.<\/p>\n<h2>Le nuove Cornici stile Floating Frame: eleganza per i tuoi Quadri Canvas<\/h2>\n<p>Hai la possibilit\u00e0 di ordinare anche un\u2019elegante\u00a0<strong>Cornice abbinata<\/strong>\u00a0al tuo nuovo\u00a0<strong>Quadro in Canvas<\/strong>. Se hai scelto uno dei seguenti formati, puoi aggiungere questo nuovo accessorio di tendenza:<\/p>\n<ul>\n<li>40 x 30 cm<\/li>\n<li>30 x 20 cm<\/li>\n<li>60 x 40 cm<\/li>\n<li>40 x 40 cm<\/li>\n<li>20 x 20 cm<\/li>\n<\/ul>\n<p>La\u00a0<strong>Cornice stile Floating Frame<\/strong>\u00a0\u00e8 disponibile in\u00a0<strong>3 colori diversi<\/strong>: White, Black e Wood (effetto legno). Seleziona la tonalit\u00e0 pi\u00f9 adatta all\u2019immagine e agli interni della tua casa o del tuo ufficio! Il tuo nuovo\u00a0<strong>Quadro con Foto<\/strong>\u00a0apparir\u00e0 elegante e del tutto in linea con l\u2019arredamento della stanza.<\/p>\n<h2>Le vostre domande pi\u00f9 frequenti sui Quadri Canvas con Foto<\/h2>\n<ul>\n<li><strong>Le Immagini vengono stampate in alta definizione?<\/strong>\u00a0Il Canvas \u00e8 un supporto incredibilmente adatto alla stampa. La tua Fotografia sar\u00e0 stampata in alta definizione, e sar\u00e0 caratterizzata da colori brillanti e dettagli fedeli. Potrai esibire un Quadro in Canvas di alta qualit\u00e0 per decorare le tue stanze di casa o il tuo ufficio.<\/li>\n<li><strong>I Quadri Canvas come possono essere appesi alla parete?<\/strong>\u00a0Oltre al Quadro in Canvas, riceverai anche il pratico Kit di montaggio, incluso nella confezione. Questo \u00e8 formato da un pratico Gancetto e Viti dorate.<\/li>\n<li><strong>Come posso sapere se la mia Immagine \u00e8 troppo piccola per un determinato Formato?<\/strong>\u00a0Il sistema \u00e8 in grado di avvisarti se l\u2019Immagine caricata ha una risoluzione troppo bassa per il Formato selezionato.<\/li>\n<li><strong>Quali sono i tempi di consegna dei Quadri in Canvas?<\/strong>\u00a0Puoi scegliere fra 3 diverse modalit\u00e0 di consegna: Standard, Veloce, Express. Scegli la modalit\u00e0 Express per ricevere il tuo nuovo Quadro Canvas in tempi pi\u00f9 veloci.<\/li>\n<\/ul>\n","protected":false},"excerpt":{"rendered":"<h1>Quadri Canvas con Foto<\/h1>\n","protected":false},"featured_media":1240,"template":"","meta":[],"etheme_brands":[],"product_brand":[],"product_cat":[15,16],"product_tag":[],"class_list":{"0":"post-1230","1":"product","2":"type-product","3":"status-publish","4":"has-post-thumbnail","6":"product_cat-gadgets","7":"product_cat-espositori","9":"first","10":"instock","11":"taxable","12":"shipping-taxable","13":"purchasable","14":"product-type-variable"},"_links":{"self":[{"href":"https:\/\/www.0971pubblicita.it\/shop\/wp-json\/wp\/v2\/product\/1230","targetHints":{"allow":["GET"]}}],"collection":[{"href":"https:\/\/www.0971pubblicita.it\/shop\/wp-json\/wp\/v2\/product"}],"about":[{"href":"https:\/\/www.0971pubblicita.it\/shop\/wp-json\/wp\/v2\/types\/product"}],"version-history":[{"count":0,"href":"https:\/\/www.0971pubblicita.it\/shop\/wp-json\/wp\/v2\/product\/1230\/revisions"}],"wp:featuredmedia":[{"embeddable":true,"href":"https:\/\/www.0971pubblicita.it\/shop\/wp-json\/wp\/v2\/media\/1240"}],"wp:attachment":[{"href":"https:\/\/www.0971pubblicita.it\/shop\/wp-json\/wp\/v2\/media?parent=1230"}],"wp:term":[{"taxonomy":"brand","embeddable":true,"href":"https:\/\/www.0971pubblicita.it\/shop\/wp-json\/wp\/v2\/etheme_brands?post=1230"},{"taxonomy":"product_brand","embeddable":true,"href":"https:\/\/www.0971pubblicita.it\/shop\/wp-json\/wp\/v2\/product_brand?post=1230"},{"taxonomy":"product_cat","embeddable":true,"href":"https:\/\/www.0971pubblicita.it\/shop\/wp-json\/wp\/v2\/product_cat?post=1230"},{"taxonomy":"product_tag","embeddable":true,"href":"https:\/\/www.0971pubblicita.it\/shop\/wp-json\/wp\/v2\/product_tag?post=1230"}],"curies":[{"name":"wp","href":"https:\/\/api.w.org\/{rel}","templated":true}]}}