{"id":1089,"date":"2020-03-25T18:06:10","date_gmt":"2020-03-25T17:06:10","guid":{"rendered":"https:\/\/www.0971pubblicita.it\/shop\/?post_type=product&#038;p=1089"},"modified":"2025-05-12T19:54:27","modified_gmt":"2025-05-12T17:54:27","slug":"biglietti-da-visita-luxury-in-carta-perlata","status":"publish","type":"product","link":"https:\/\/www.0971pubblicita.it\/shop\/prodotto\/biglietti-da-visita-luxury-in-carta-perlata\/","title":{"rendered":"Biglietti da visita &#8220;luxury&#8221; in carta PERLATA"},"content":{"rendered":"<p>Realizzazione di biglietti da visita su carta perlata da 300 gr, misura standard 8,5 cm x 5,5 cm<\/p>\n<ul>\n<li>Materiale: Carta perlato da 300 gr;;<\/li>\n<li>Stampa: Offset a colori;<\/li>\n<li>Dimensioni: 8,5 cm x 5,5 cm;<\/li>\n<\/ul>\n<p>Stampiamo biglietti da visitacon\u00a0effetto particolare che\u00a0<strong>esalta le sue qualit\u00e0 sotto le luci , dove si pu\u00f2 vedere l&#8217;effetto perlato<\/strong>\u00a0e fornisce un risultato di particolare visibilit\u00e0.<\/p>\n<p>Il prodotto pu\u00f2 essere stampato a 4 colori, il\u00a0<strong>colore bianco e\/o la parte non stampata avr\u00e0 perlato<\/strong>.<br \/>\nIl prodotto finito avr\u00e0 una grammatura totale di 300 gr.<\/p>\n<p>In entrambi i lati vengono usati per la stampa inchiostri UV\/LED.<\/p>\n<p>Le seguenti indicazioni hanno lo scopo di assistervi nella corretta creazione dei file di stampa. Il prodotto pu\u00f2 essere realizzato sia in orizzontale che in verticale, mantenete 2 mm di margine tra le scritte e il bordo e 1 mm come margine di abbondanza. La risoluzione consigliata deve essere di 300 dpi, i colori devono essere convertiti in CMYK (ciano, magenta, giallo, nero). Accettiamo qualsiasi tipo di file, PDF, JPG e TIFF sono consigliati, ma non abbiamo nessun problema ad accettare anche qualche altro formato .<\/p>\n<p><em>I tempi di produzione variano dai 5-8 giorni lavorativi (dal luned\u00ec al venerd\u00ec, nel calcolo \u00e8 considerata la spedizione).<\/em><\/p>\n","protected":false},"excerpt":{"rendered":"<p>Stampa biglietti da visita su cartoncino perlato di alta qualit\u00e0, pronti e spediti in 48h<\/p>\n","protected":false},"featured_media":1879,"template":"","meta":[],"etheme_brands":[],"product_brand":[],"product_cat":[122],"product_tag":[126,277,127],"class_list":{"0":"post-1089","1":"product","2":"type-product","3":"status-publish","4":"has-post-thumbnail","6":"product_cat-biglietti-da-visita","7":"product_tag-biglietti-da-visita","8":"product_tag-carta-perlata","9":"product_tag-stampa-online","11":"first","12":"instock","13":"taxable","14":"shipping-taxable","15":"purchasable","16":"product-type-variable"},"_links":{"self":[{"href":"https:\/\/www.0971pubblicita.it\/shop\/wp-json\/wp\/v2\/product\/1089","targetHints":{"allow":["GET"]}}],"collection":[{"href":"https:\/\/www.0971pubblicita.it\/shop\/wp-json\/wp\/v2\/product"}],"about":[{"href":"https:\/\/www.0971pubblicita.it\/shop\/wp-json\/wp\/v2\/types\/product"}],"version-history":[{"count":2,"href":"https:\/\/www.0971pubblicita.it\/shop\/wp-json\/wp\/v2\/product\/1089\/revisions"}],"predecessor-version":[{"id":3528,"href":"https:\/\/www.0971pubblicita.it\/shop\/wp-json\/wp\/v2\/product\/1089\/revisions\/3528"}],"wp:featuredmedia":[{"embeddable":true,"href":"https:\/\/www.0971pubblicita.it\/shop\/wp-json\/wp\/v2\/media\/1879"}],"wp:attachment":[{"href":"https:\/\/www.0971pubblicita.it\/shop\/wp-json\/wp\/v2\/media?parent=1089"}],"wp:term":[{"taxonomy":"brand","embeddable":true,"href":"https:\/\/www.0971pubblicita.it\/shop\/wp-json\/wp\/v2\/etheme_brands?post=1089"},{"taxonomy":"product_brand","embeddable":true,"href":"https:\/\/www.0971pubblicita.it\/shop\/wp-json\/wp\/v2\/product_brand?post=1089"},{"taxonomy":"product_cat","embeddable":true,"href":"https:\/\/www.0971pubblicita.it\/shop\/wp-json\/wp\/v2\/product_cat?post=1089"},{"taxonomy":"product_tag","embeddable":true,"href":"https:\/\/www.0971pubblicita.it\/shop\/wp-json\/wp\/v2\/product_tag?post=1089"}],"curies":[{"name":"wp","href":"https:\/\/api.w.org\/{rel}","templated":true}]}}