{"id":3,"date":"2019-02-25T23:56:01","date_gmt":"2019-02-25T22:56:01","guid":{"rendered":"http:\/\/www.0971pubblicita.it\/shop\/?page_id=3"},"modified":"2020-02-22T13:01:24","modified_gmt":"2020-02-22T12:01:24","slug":"privacy-policy","status":"publish","type":"page","link":"https:\/\/www.0971pubblicita.it\/shop\/privacy-policy\/","title":{"rendered":"Privacy Policy"},"content":{"rendered":"\n<p> INFORMATIVA SUL TRATTAMENTO DEI DATI PERSONALI <br>Ai sensi dell\u2019art. 13 del decreto legislativo 196 del 30 giugno 2003 \u201cCodice in materia di protezione dei dati personali\u201d, il Cliente come designato nelle Condizioni Generali di contratto \u00e8 informato e, per quanto di ragione, espressamente consente: a) che i dati forniti per lo svolgimento della istruttoria preliminare e i dati relativi allo svolgimento del rapporto contrattuale vengano trattati dalla 0971 PUBBLICITA&#8217;. con sede in Via ANNA MARIA ORTESE, 9 &#8211; POTENZA partita IVA n.01845300761 di seguito indicata come \u201c 0971 PUBBLICITA&#8217; \u201d, indirizzo di posta elettronica certificata 0971PUBBLICITA@PEC.IT per finalit\u00e0 di: <br>&#8211; adempimento di obblighi legali, ivi inclusi gli obblighi di identificazione, conservazione e segnalazione previsti dalle normative antiriciclaggio (D.lgs. 56\/2004); <br>&#8211; gestione dei rapporti contrattuali ed in particolare delle obbligazioni di cui ai contratti di vendita, quali ad esempio la spedizione dei plichi all\u2019indirizzo di residenza, la fatturazione, la stampa dei materiali consegnati direttamente dal Cliente; <br>&#8211; elaborazione statistica; <br>&#8211; tutela e recupero dei crediti;<br> &#8211; marketing, informazione commerciale, pubblicit\u00e0, manifestazioni a premi, rilevazione del grado di soddisfazione della clientela (il conferimento dei dati per tale ultima finalit\u00e0 \u00e8 facoltativo e il loro utilizzo \u00e8 subordinato al consenso dell\u2019interessato) mediante i) elaborazione elettronica; ii) consultazione; iii) l\u2019utilizzo di sistemi automatizzati di chiamata, senza l\u2019intervento di un operatore, posta anche elettronica, telefax e messaggi di tipo MMS (Multimedia Message Service) e SMS (Short Message Service); <br>&#8211; ogni altra opportuna operazione relativa al conseguimento delle predette finalit\u00e0, anche per mezzo dei seguenti soggetti ai quali i dati possono essere comunicati (anche all&#8217;estero in Paesi appartenenti e non appartenenti all&#8217;Unione Europea) ed in particolare: <br>1) di soggetti specificamente incaricati quali consulenti, dipendenti e altri collaboratori a ci\u00f2 abilitati per i trattamenti necessari o connessi allo svolgimento delle attivit\u00e0 precontrattuali (istruttoria, valutazione dell\u2019affidabilit\u00e0 finanziaria, ecc.) ed all\u2019esecuzione del contratto;  <br>2) di terzi che svolgono o forniscono specifici servizi strettamente funzionali all\u2019esecuzione del rapporto contrattuale (anche mediante trattamenti continuativi), quali: &#8211; societ\u00e0 di servizi informatici;<br> &#8211; banche e societ\u00e0 che svolgono servizi di pagamento; <br>&#8211; assicurazioni;<br> &#8211; organismi associativi propri del settore della tipografia e stampa nonch\u00e9 a tutti gli altri soggetti ai quali la comunicazione sia dovuta per il raggiungimento di finalit\u00e0 ed obblighi di legge; <br>&#8211; prestatori di assistenza, societ\u00e0 controllate o collegate a  0971 PUBBLICITA&#8217;  o dalla stessa incaricate, in Italia o all\u2019estero per il raggiungimento delle finalit\u00e0 o altre compagnie di assicurazione e\/o societ\u00e0 di servizi per la distribuzione del rischio; <br>&#8211; subappaltatori incaricati; <br>&#8211; agenti; &#8211; societ\u00e0 di factoring;<br> &#8211; societ\u00e0 di recupero crediti;<br> &#8211; soggetti che forniscono informazioni commerciali; &#8211; avvocati o commercialisti; <br>b) che i predetti dati possono essere raccolti sia presso l\u2019interessato sia presso terzi; <br>c) che il conferimento dei dati richiesti, siano essi acquisiti in base ad un obbligo di legge ovvero in quanto strettamente funzionali all\u2019esecuzione del rapporto contrattuale, \u00e8 obbligatorio e che un eventuale rifiuto di fornirli comporta l\u2019impossibilit\u00e0 di svolgere le attivit\u00e0 richieste per la conclusione e per l\u2019esecuzione del contratto e segnatamente con riferimento alla conclusione ed esecuzione del contratto on line. In relazione al trattamento dei predetti dati il Cliente, in base all\u2019art. 7 del citato d.lgs. 196\/2003, ha il diritto di ottenere dalla  0971 PUBBLICITA&#8217;: <br>a) la conferma dell\u2019esistenza dei dati personali che lo riguardano e la comunicazione, in forma comprensibile, dei dati stessi e della loro origine nonch\u00e9 della logica su cui si basa il trattamento; <br>b) la cancellazione, la trasformazione in forma anonima o il blocco dei dati trattati in violazione di legge; <br>c) l\u2019aggiornamento, la rettificazione ovvero, qualora vi abbia interesse, l\u2019integrazione dei dati. Il Cliente ha inoltre il diritto di opporsi, per motivi legittimi, al trattamento di dati personali che lo riguardano.  <br>Titolare dei trattamenti \u00e8 la  0971 PUBBLICITA&#8217;. con sede in Via ANNA MARIA ORTESE, 9 &#8211; POTENZA partita IVA n.01845300761  che provveder\u00e0 direttamente a fornire il riscontro agli interessati nel caso di esercizio dei diritti di cui all\u2019art. 7 del d.lgs. 196\/2003. <\/p>\n","protected":false},"excerpt":{"rendered":"<p>INFORMATIVA SUL TRATTAMENTO DEI DATI PERSONALI Ai sensi dell\u2019art. 13 del decreto legislativo 196 del 30 giugno&#8230;<\/p>\n","protected":false},"author":1,"featured_media":0,"parent":0,"menu_order":0,"comment_status":"closed","ping_status":"open","template":"","meta":{"footnotes":""},"class_list":["post-3","page","type-page","status-publish","hentry"],"_links":{"self":[{"href":"https:\/\/www.0971pubblicita.it\/shop\/wp-json\/wp\/v2\/pages\/3","targetHints":{"allow":["GET"]}}],"collection":[{"href":"https:\/\/www.0971pubblicita.it\/shop\/wp-json\/wp\/v2\/pages"}],"about":[{"href":"https:\/\/www.0971pubblicita.it\/shop\/wp-json\/wp\/v2\/types\/page"}],"author":[{"embeddable":true,"href":"https:\/\/www.0971pubblicita.it\/shop\/wp-json\/wp\/v2\/users\/1"}],"replies":[{"embeddable":true,"href":"https:\/\/www.0971pubblicita.it\/shop\/wp-json\/wp\/v2\/comments?post=3"}],"version-history":[{"count":0,"href":"https:\/\/www.0971pubblicita.it\/shop\/wp-json\/wp\/v2\/pages\/3\/revisions"}],"wp:attachment":[{"href":"https:\/\/www.0971pubblicita.it\/shop\/wp-json\/wp\/v2\/media?parent=3"}],"curies":[{"name":"wp","href":"https:\/\/api.w.org\/{rel}","templated":true}]}}